{"id":29,"date":"2022-11-13T21:42:32","date_gmt":"2022-11-13T20:42:32","guid":{"rendered":"https:\/\/sbruchezphotography.com\/?page_id=29"},"modified":"2022-12-01T21:37:57","modified_gmt":"2022-12-01T20:37:57","slug":"a-propos","status":"publish","type":"page","link":"https:\/\/sbruchezphotography.com\/index.php\/a-propos\/","title":{"rendered":"A propos"},"content":{"rendered":"\t\t<div data-elementor-type=\"wp-page\" data-elementor-id=\"29\" class=\"elementor elementor-29\">\n\t\t\t\t\t\t<section class=\"elementor-section elementor-top-section elementor-element elementor-element-54f9f173 elementor-section-content-middle elementor-section-boxed elementor-section-height-default elementor-section-height-default\" data-id=\"54f9f173\" data-element_type=\"section\" data-e-type=\"section\" data-settings=\"{&quot;background_background&quot;:&quot;gradient&quot;}\">\n\t\t\t\t\t\t<div class=\"elementor-container elementor-column-gap-default\">\n\t\t\t\t\t<div class=\"elementor-column elementor-col-100 elementor-top-column elementor-element elementor-element-60efab53\" data-id=\"60efab53\" data-element_type=\"column\" data-e-type=\"column\">\n\t\t\t<div class=\"elementor-widget-wrap elementor-element-populated\">\n\t\t\t\t\t\t<div class=\"elementor-element elementor-element-6c66c431 elementor-invisible elementor-widget elementor-widget-text-editor\" data-id=\"6c66c431\" data-element_type=\"widget\" data-e-type=\"widget\" data-settings=\"{&quot;_animation&quot;:&quot;fadeInLeft&quot;}\" data-widget_type=\"text-editor.default\">\n\t\t\t\t<div class=\"elementor-widget-container\">\n\t\t\t\t\t\t\t\t\t<p><\/p>\n<h2><img fetchpriority=\"high\" decoding=\"async\" class=\"alignnone size-medium wp-image-338\" src=\"https:\/\/sbruchezphotography.com\/wp-content\/uploads\/2022\/11\/IMG_1269-2-300x200.jpg\" alt=\"\" width=\"300\" height=\"200\" srcset=\"https:\/\/sbruchezphotography.com\/wp-content\/uploads\/2022\/11\/IMG_1269-2-300x200.jpg 300w, https:\/\/sbruchezphotography.com\/wp-content\/uploads\/2022\/11\/IMG_1269-2-scaled-600x400.jpg 600w, https:\/\/sbruchezphotography.com\/wp-content\/uploads\/2022\/11\/IMG_1269-2-1024x683.jpg 1024w, https:\/\/sbruchezphotography.com\/wp-content\/uploads\/2022\/11\/IMG_1269-2-768x512.jpg 768w, https:\/\/sbruchezphotography.com\/wp-content\/uploads\/2022\/11\/IMG_1269-2-1536x1024.jpg 1536w, https:\/\/sbruchezphotography.com\/wp-content\/uploads\/2022\/11\/IMG_1269-2-2048x1365.jpg 2048w, https:\/\/sbruchezphotography.com\/wp-content\/uploads\/2022\/11\/IMG_1269-2-1400x933.jpg 1400w, https:\/\/sbruchezphotography.com\/wp-content\/uploads\/2022\/11\/IMG_1269-2-800x533.jpg 800w\" sizes=\"(max-width: 300px) 100vw, 300px\" \/><\/h2>\n<p><\/p>\n<p><\/p>\n<p><\/p>\n<p><\/p>\n<p><\/p>\n<p><\/p>\n<p><\/p>\n<p><\/p>\t\t\t\t\t\t\t\t<\/div>\n\t\t\t\t<\/div>\n\t\t\t\t\t<\/div>\n\t\t<\/div>\n\t\t\t\t\t<\/div>\n\t\t<\/section>\n\t\t\t\t<section class=\"elementor-section elementor-top-section elementor-element elementor-element-da20970 elementor-section-boxed elementor-section-height-default elementor-section-height-default\" data-id=\"da20970\" data-element_type=\"section\" data-e-type=\"section\">\n\t\t\t\t\t\t<div class=\"elementor-container elementor-column-gap-default\">\n\t\t\t\t\t<div class=\"elementor-column elementor-col-100 elementor-top-column elementor-element elementor-element-01fe6ff\" data-id=\"01fe6ff\" data-element_type=\"column\" data-e-type=\"column\">\n\t\t\t<div class=\"elementor-widget-wrap elementor-element-populated\">\n\t\t\t\t\t\t<div class=\"elementor-element elementor-element-1472f2b elementor-widget elementor-widget-text-editor\" data-id=\"1472f2b\" data-element_type=\"widget\" data-e-type=\"widget\" data-widget_type=\"text-editor.default\">\n\t\t\t\t<div class=\"elementor-widget-container\">\n\t\t\t\t\t\t\t\t\t<p><i>Quelques mots \u00e0 propos de moi &#8230;.<\/i><\/p>\n<p><i>M\u00e9catronicienne de m\u00e9tier, amoureuse de la montagne et de la nature, passionn\u00e9e de photographies depuis plusieurs ann\u00e9es.<\/i><\/p>\n<p><i>J&rsquo;ai grandi au milieu des montagnes dans notre beau Val de Bagnes. Difficile de r\u00e9sister \u00e0 la tentation et \u00e0 l&rsquo;appel de la nature&#8230;. Depuis petite je sillonne les chemins \u00e0 la recherche de la plus belle vue, du plus beau sommet. Peu importe l&rsquo;effort qu&rsquo;il faudra faire pour y arriver, si la vue en vaut la peine. J&rsquo;ai commenc\u00e9 r\u00e9ellement la photographie en 2015 avec l&rsquo;achat de mon compagnon actuel, un canon EOS M3. Depuis ce jour je ne l&rsquo;ai plus quitt\u00e9, que \u00e7a soit en randonn\u00e9e, en voyage, en week-end&#8230;\u00a0<\/i><\/p>\t\t\t\t\t\t\t\t<\/div>\n\t\t\t\t<\/div>\n\t\t\t\t<section class=\"elementor-section elementor-inner-section elementor-element elementor-element-b56583e elementor-section-boxed elementor-section-height-default elementor-section-height-default\" data-id=\"b56583e\" data-element_type=\"section\" data-e-type=\"section\">\n\t\t\t\t\t\t<div class=\"elementor-container elementor-column-gap-default\">\n\t\t\t\t\t<div class=\"elementor-column elementor-col-50 elementor-inner-column elementor-element elementor-element-eeb2ea3\" data-id=\"eeb2ea3\" data-element_type=\"column\" data-e-type=\"column\">\n\t\t\t<div class=\"elementor-widget-wrap elementor-element-populated\">\n\t\t\t\t\t\t<div class=\"elementor-element elementor-element-6f35687 elementor-widget elementor-widget-heading\" data-id=\"6f35687\" data-element_type=\"widget\" data-e-type=\"widget\" data-widget_type=\"heading.default\">\n\t\t\t\t<div class=\"elementor-widget-container\">\n\t\t\t\t\t<h2 class=\"elementor-heading-title elementor-size-default\"><i>Photographie<\/i><\/h2>\t\t\t\t<\/div>\n\t\t\t\t<\/div>\n\t\t\t\t<div class=\"elementor-element elementor-element-762dd52 elementor-widget elementor-widget-text-editor\" data-id=\"762dd52\" data-element_type=\"widget\" data-e-type=\"widget\" data-widget_type=\"text-editor.default\">\n\t\t\t\t<div class=\"elementor-widget-container\">\n\t\t\t\t\t\t\t\t\t<p><i>Pour moi, la photographie ce n&rsquo;est pas qu&rsquo;un simple clic. C&rsquo;est un moyen de capturer l&rsquo;instant, d&rsquo;arr\u00eater le temps, de donner \u00e0 une seconde un sentiment d&rsquo;\u00e9ternit\u00e9. Ce temps qui passe \u00e0 une vitesse folle, combien de fois vous vous \u00eates dit : \u00ab\u00a0je n&rsquo;ai pas vu passer le temps ou \u00e7a fait d\u00e9j\u00e0 d\u00e9j\u00e0 X ann\u00e9es qu&rsquo;on ne s&rsquo;est pas revus&#8230; \u00ab\u00a0. Malheureusement, nous n&rsquo;avons pas encore trouv\u00e9 le moyen de le mettre sur pause.\u00a0<\/i><\/p>\n<p><i>Une photo permet de visualiser \u00e0 tout moment un instant, un \u00e9v\u00e9nement, une personne, qui nous a plu ou dont on veut se souvenir&#8230;<\/i><\/p>\n<p><i>Ces derni\u00e8res ann\u00e9es j&rsquo;ai beaucoup travaill\u00e9 sur la fa\u00e7on dont j&rsquo;aimerai transmettre mes photos, cela a d\u00e9but\u00e9 par les r\u00e9seaux sociaux, puis par des livres photos de mes voyages, ensuite des toiles ou tableaux imprim\u00e9s, et aujourd&rsquo;hui mon nouveau d\u00e9fi est de partager mes meilleurs clich\u00e9s avec vous. En esp\u00e9rant, \u00e0 travers ce site, vous faire voyager&#8230;.<\/i><\/p>\t\t\t\t\t\t\t\t<\/div>\n\t\t\t\t<\/div>\n\t\t\t\t\t<\/div>\n\t\t<\/div>\n\t\t\t\t<div class=\"elementor-column elementor-col-50 elementor-inner-column elementor-element elementor-element-2078be7\" data-id=\"2078be7\" data-element_type=\"column\" data-e-type=\"column\">\n\t\t\t<div class=\"elementor-widget-wrap elementor-element-populated\">\n\t\t\t\t\t\t<div class=\"elementor-element elementor-element-b912b6b elementor-widget elementor-widget-image-gallery\" data-id=\"b912b6b\" data-element_type=\"widget\" data-e-type=\"widget\" data-widget_type=\"image-gallery.default\">\n\t\t\t\t<div class=\"elementor-widget-container\">\n\t\t\t\t\t\t\t<div class=\"elementor-image-gallery\">\n\t\t\t<div id='gallery-1' class='gallery galleryid-29 gallery-columns-4 gallery-size-post-thumbnail'><figure class='gallery-item'>\n\t\t\t<div class='gallery-icon landscape'>\n\t\t\t\t<img decoding=\"async\" width=\"150\" height=\"150\" src=\"https:\/\/sbruchezphotography.com\/wp-content\/uploads\/2022\/11\/IMG_6974-150x150.jpg\" class=\"attachment-post-thumbnail size-post-thumbnail\" alt=\"\" srcset=\"https:\/\/sbruchezphotography.com\/wp-content\/uploads\/2022\/11\/IMG_6974-150x150.jpg 150w, https:\/\/sbruchezphotography.com\/wp-content\/uploads\/2022\/11\/IMG_6974-scaled-300x300.jpg 300w, https:\/\/sbruchezphotography.com\/wp-content\/uploads\/2022\/11\/IMG_6974-scaled-100x100.jpg 100w, https:\/\/sbruchezphotography.com\/wp-content\/uploads\/2022\/11\/IMG_6974-770x770.jpg 770w, https:\/\/sbruchezphotography.com\/wp-content\/uploads\/2022\/11\/IMG_6974-160x160.jpg 160w\" sizes=\"(max-width: 150px) 100vw, 150px\" \/>\n\t\t\t<\/div><\/figure><figure class='gallery-item'>\n\t\t\t<div class='gallery-icon landscape'>\n\t\t\t\t<img decoding=\"async\" width=\"150\" height=\"150\" src=\"https:\/\/sbruchezphotography.com\/wp-content\/uploads\/2022\/11\/IMG_3212-150x150.jpg\" class=\"attachment-post-thumbnail size-post-thumbnail\" alt=\"\" srcset=\"https:\/\/sbruchezphotography.com\/wp-content\/uploads\/2022\/11\/IMG_3212-150x150.jpg 150w, https:\/\/sbruchezphotography.com\/wp-content\/uploads\/2022\/11\/IMG_3212-scaled-300x300.jpg 300w, https:\/\/sbruchezphotography.com\/wp-content\/uploads\/2022\/11\/IMG_3212-scaled-100x100.jpg 100w, https:\/\/sbruchezphotography.com\/wp-content\/uploads\/2022\/11\/IMG_3212-770x770.jpg 770w, https:\/\/sbruchezphotography.com\/wp-content\/uploads\/2022\/11\/IMG_3212-160x160.jpg 160w\" sizes=\"(max-width: 150px) 100vw, 150px\" \/>\n\t\t\t<\/div><\/figure><figure class='gallery-item'>\n\t\t\t<div class='gallery-icon landscape'>\n\t\t\t\t<img loading=\"lazy\" decoding=\"async\" width=\"150\" height=\"150\" src=\"https:\/\/sbruchezphotography.com\/wp-content\/uploads\/2022\/11\/IMG_7427-150x150.jpg\" class=\"attachment-post-thumbnail size-post-thumbnail\" alt=\"\" srcset=\"https:\/\/sbruchezphotography.com\/wp-content\/uploads\/2022\/11\/IMG_7427-150x150.jpg 150w, https:\/\/sbruchezphotography.com\/wp-content\/uploads\/2022\/11\/IMG_7427-scaled-300x300.jpg 300w, https:\/\/sbruchezphotography.com\/wp-content\/uploads\/2022\/11\/IMG_7427-scaled-100x100.jpg 100w, https:\/\/sbruchezphotography.com\/wp-content\/uploads\/2022\/11\/IMG_7427-770x770.jpg 770w, https:\/\/sbruchezphotography.com\/wp-content\/uploads\/2022\/11\/IMG_7427-160x160.jpg 160w\" sizes=\"(max-width: 150px) 100vw, 150px\" \/>\n\t\t\t<\/div><\/figure><figure class='gallery-item'>\n\t\t\t<div class='gallery-icon landscape'>\n\t\t\t\t<img loading=\"lazy\" decoding=\"async\" width=\"150\" height=\"150\" src=\"https:\/\/sbruchezphotography.com\/wp-content\/uploads\/2022\/11\/315272049_810825930211515_6929293559418714194_n-150x150.jpg\" class=\"attachment-post-thumbnail size-post-thumbnail\" alt=\"\" srcset=\"https:\/\/sbruchezphotography.com\/wp-content\/uploads\/2022\/11\/315272049_810825930211515_6929293559418714194_n-150x150.jpg 150w, https:\/\/sbruchezphotography.com\/wp-content\/uploads\/2022\/11\/315272049_810825930211515_6929293559418714194_n-300x300.jpg 300w, https:\/\/sbruchezphotography.com\/wp-content\/uploads\/2022\/11\/315272049_810825930211515_6929293559418714194_n-100x100.jpg 100w, https:\/\/sbruchezphotography.com\/wp-content\/uploads\/2022\/11\/315272049_810825930211515_6929293559418714194_n-770x770.jpg 770w, https:\/\/sbruchezphotography.com\/wp-content\/uploads\/2022\/11\/315272049_810825930211515_6929293559418714194_n-160x160.jpg 160w\" sizes=\"(max-width: 150px) 100vw, 150px\" \/>\n\t\t\t<\/div><\/figure><figure class='gallery-item'>\n\t\t\t<div class='gallery-icon landscape'>\n\t\t\t\t<img loading=\"lazy\" decoding=\"async\" width=\"150\" height=\"150\" src=\"https:\/\/sbruchezphotography.com\/wp-content\/uploads\/2022\/11\/IMG_3184-150x150.jpg\" class=\"attachment-post-thumbnail size-post-thumbnail\" alt=\"\" srcset=\"https:\/\/sbruchezphotography.com\/wp-content\/uploads\/2022\/11\/IMG_3184-150x150.jpg 150w, https:\/\/sbruchezphotography.com\/wp-content\/uploads\/2022\/11\/IMG_3184-770x770.jpg 770w, https:\/\/sbruchezphotography.com\/wp-content\/uploads\/2022\/11\/IMG_3184-160x160.jpg 160w, https:\/\/sbruchezphotography.com\/wp-content\/uploads\/2022\/11\/IMG_3184-300x300.jpg 300w, https:\/\/sbruchezphotography.com\/wp-content\/uploads\/2022\/11\/IMG_3184-100x100.jpg 100w\" sizes=\"(max-width: 150px) 100vw, 150px\" \/>\n\t\t\t<\/div><\/figure><figure class='gallery-item'>\n\t\t\t<div class='gallery-icon landscape'>\n\t\t\t\t<img loading=\"lazy\" decoding=\"async\" width=\"150\" height=\"150\" src=\"https:\/\/sbruchezphotography.com\/wp-content\/uploads\/2022\/11\/IMG_1321-150x150.jpg\" class=\"attachment-post-thumbnail size-post-thumbnail\" alt=\"\" srcset=\"https:\/\/sbruchezphotography.com\/wp-content\/uploads\/2022\/11\/IMG_1321-150x150.jpg 150w, https:\/\/sbruchezphotography.com\/wp-content\/uploads\/2022\/11\/IMG_1321-scaled-300x300.jpg 300w, https:\/\/sbruchezphotography.com\/wp-content\/uploads\/2022\/11\/IMG_1321-scaled-100x100.jpg 100w, https:\/\/sbruchezphotography.com\/wp-content\/uploads\/2022\/11\/IMG_1321-770x770.jpg 770w, https:\/\/sbruchezphotography.com\/wp-content\/uploads\/2022\/11\/IMG_1321-160x160.jpg 160w\" sizes=\"(max-width: 150px) 100vw, 150px\" \/>\n\t\t\t<\/div><\/figure>\n\t\t<\/div>\n\t\t<\/div>\n\t\t\t\t\t\t<\/div>\n\t\t\t\t<\/div>\n\t\t\t\t\t<\/div>\n\t\t<\/div>\n\t\t\t\t\t<\/div>\n\t\t<\/section>\n\t\t\t\t\t<\/div>\n\t\t<\/div>\n\t\t\t\t\t<\/div>\n\t\t<\/section>\n\t\t\t\t<section class=\"elementor-section elementor-top-section elementor-element elementor-element-6adf23b elementor-section-boxed elementor-section-height-default elementor-section-height-default\" data-id=\"6adf23b\" data-element_type=\"section\" data-e-type=\"section\">\n\t\t\t\t\t\t<div class=\"elementor-container elementor-column-gap-default\">\n\t\t\t\t\t<div class=\"elementor-column elementor-col-100 elementor-top-column elementor-element elementor-element-d6b4d5d\" data-id=\"d6b4d5d\" data-element_type=\"column\" data-e-type=\"column\">\n\t\t\t<div class=\"elementor-widget-wrap\">\n\t\t\t\t\t\t\t<\/div>\n\t\t<\/div>\n\t\t\t\t\t<\/div>\n\t\t<\/section>\n\t\t\t\t<\/div>\n\t\t","protected":false},"excerpt":{"rendered":"<p>Quelques mots \u00e0 propos de moi &#8230;. M\u00e9catronicienne de m\u00e9tier, amoureuse de la montagne et de la nature, passionn\u00e9e de photographies depuis plusieurs ann\u00e9es. J&rsquo;ai grandi au milieu des montagnes dans notre beau Val de Bagnes. Difficile de r\u00e9sister \u00e0 la tentation et \u00e0 l&rsquo;appel de la nature&#8230;. Depuis petite je sillonne les chemins \u00e0 la recherche de la plus belle vue, du plus beau sommet. Peu importe l&rsquo;effort qu&rsquo;il faudra faire pour y arriver, si la vue en vaut [&hellip;]<\/p>\n","protected":false},"author":3,"featured_media":0,"parent":0,"menu_order":0,"comment_status":"closed","ping_status":"closed","template":"","meta":{"footnotes":""},"class_list":["post-29","page","type-page","status-publish","hentry"],"yoast_head":"<!-- This site is optimized with the Yoast SEO plugin v19.10 - https:\/\/yoast.com\/wordpress\/plugins\/seo\/ -->\n<title>A propos - SBPhotography<\/title>\n<meta name=\"robots\" content=\"index, follow, max-snippet:-1, max-image-preview:large, max-video-preview:-1\" \/>\n<link rel=\"canonical\" href=\"https:\/\/sbruchezphotography.com\/index.php\/a-propos\/\" \/>\n<meta property=\"og:locale\" content=\"fr_FR\" \/>\n<meta property=\"og:type\" content=\"article\" \/>\n<meta property=\"og:title\" content=\"A propos - SBPhotography\" \/>\n<meta property=\"og:description\" content=\"Quelques mots \u00e0 propos de moi &#8230;. M\u00e9catronicienne de m\u00e9tier, amoureuse de la montagne et de la nature, passionn\u00e9e de photographies depuis plusieurs ann\u00e9es. J&rsquo;ai grandi au milieu des montagnes dans notre beau Val de Bagnes. Difficile de r\u00e9sister \u00e0 la tentation et \u00e0 l&rsquo;appel de la nature&#8230;. Depuis petite je sillonne les chemins \u00e0 la recherche de la plus belle vue, du plus beau sommet. Peu importe l&rsquo;effort qu&rsquo;il faudra faire pour y arriver, si la vue en vaut [&hellip;]\" \/>\n<meta property=\"og:url\" content=\"https:\/\/sbruchezphotography.com\/index.php\/a-propos\/\" \/>\n<meta property=\"og:site_name\" content=\"SBPhotography\" \/>\n<meta property=\"article:modified_time\" content=\"2022-12-01T20:37:57+00:00\" \/>\n<meta property=\"og:image\" content=\"https:\/\/sbruchezphotography.com\/wp-content\/uploads\/2022\/11\/IMG_1269-2-300x200.jpg\" \/>\n<meta name=\"twitter:card\" content=\"summary_large_image\" \/>\n<meta name=\"twitter:label1\" content=\"Dur\u00e9e de lecture estim\u00e9e\" \/>\n\t<meta name=\"twitter:data1\" content=\"3 minutes\" \/>\n<script type=\"application\/ld+json\" class=\"yoast-schema-graph\">{\"@context\":\"https:\/\/schema.org\",\"@graph\":[{\"@type\":\"WebPage\",\"@id\":\"https:\/\/sbruchezphotography.com\/index.php\/a-propos\/\",\"url\":\"https:\/\/sbruchezphotography.com\/index.php\/a-propos\/\",\"name\":\"A propos - SBPhotography\",\"isPartOf\":{\"@id\":\"https:\/\/sbruchezphotography.com\/#website\"},\"datePublished\":\"2022-11-13T20:42:32+00:00\",\"dateModified\":\"2022-12-01T20:37:57+00:00\",\"breadcrumb\":{\"@id\":\"https:\/\/sbruchezphotography.com\/index.php\/a-propos\/#breadcrumb\"},\"inLanguage\":\"fr-FR\",\"potentialAction\":[{\"@type\":\"ReadAction\",\"target\":[\"https:\/\/sbruchezphotography.com\/index.php\/a-propos\/\"]}]},{\"@type\":\"BreadcrumbList\",\"@id\":\"https:\/\/sbruchezphotography.com\/index.php\/a-propos\/#breadcrumb\",\"itemListElement\":[{\"@type\":\"ListItem\",\"position\":1,\"name\":\"Accueil\",\"item\":\"https:\/\/sbruchezphotography.com\/\"},{\"@type\":\"ListItem\",\"position\":2,\"name\":\"A propos\"}]},{\"@type\":\"WebSite\",\"@id\":\"https:\/\/sbruchezphotography.com\/#website\",\"url\":\"https:\/\/sbruchezphotography.com\/\",\"name\":\"SBPhotography\",\"description\":\"\",\"potentialAction\":[{\"@type\":\"SearchAction\",\"target\":{\"@type\":\"EntryPoint\",\"urlTemplate\":\"https:\/\/sbruchezphotography.com\/?s={search_term_string}\"},\"query-input\":\"required name=search_term_string\"}],\"inLanguage\":\"fr-FR\"}]}<\/script>\n<!-- \/ Yoast SEO plugin. -->","yoast_head_json":{"title":"A propos - SBPhotography","robots":{"index":"index","follow":"follow","max-snippet":"max-snippet:-1","max-image-preview":"max-image-preview:large","max-video-preview":"max-video-preview:-1"},"canonical":"https:\/\/sbruchezphotography.com\/index.php\/a-propos\/","og_locale":"fr_FR","og_type":"article","og_title":"A propos - SBPhotography","og_description":"Quelques mots \u00e0 propos de moi &#8230;. M\u00e9catronicienne de m\u00e9tier, amoureuse de la montagne et de la nature, passionn\u00e9e de photographies depuis plusieurs ann\u00e9es. J&rsquo;ai grandi au milieu des montagnes dans notre beau Val de Bagnes. Difficile de r\u00e9sister \u00e0 la tentation et \u00e0 l&rsquo;appel de la nature&#8230;. Depuis petite je sillonne les chemins \u00e0 la recherche de la plus belle vue, du plus beau sommet. Peu importe l&rsquo;effort qu&rsquo;il faudra faire pour y arriver, si la vue en vaut [&hellip;]","og_url":"https:\/\/sbruchezphotography.com\/index.php\/a-propos\/","og_site_name":"SBPhotography","article_modified_time":"2022-12-01T20:37:57+00:00","og_image":[{"url":"https:\/\/sbruchezphotography.com\/wp-content\/uploads\/2022\/11\/IMG_1269-2-300x200.jpg"}],"twitter_card":"summary_large_image","twitter_misc":{"Dur\u00e9e de lecture estim\u00e9e":"3 minutes"},"schema":{"@context":"https:\/\/schema.org","@graph":[{"@type":"WebPage","@id":"https:\/\/sbruchezphotography.com\/index.php\/a-propos\/","url":"https:\/\/sbruchezphotography.com\/index.php\/a-propos\/","name":"A propos - SBPhotography","isPartOf":{"@id":"https:\/\/sbruchezphotography.com\/#website"},"datePublished":"2022-11-13T20:42:32+00:00","dateModified":"2022-12-01T20:37:57+00:00","breadcrumb":{"@id":"https:\/\/sbruchezphotography.com\/index.php\/a-propos\/#breadcrumb"},"inLanguage":"fr-FR","potentialAction":[{"@type":"ReadAction","target":["https:\/\/sbruchezphotography.com\/index.php\/a-propos\/"]}]},{"@type":"BreadcrumbList","@id":"https:\/\/sbruchezphotography.com\/index.php\/a-propos\/#breadcrumb","itemListElement":[{"@type":"ListItem","position":1,"name":"Accueil","item":"https:\/\/sbruchezphotography.com\/"},{"@type":"ListItem","position":2,"name":"A propos"}]},{"@type":"WebSite","@id":"https:\/\/sbruchezphotography.com\/#website","url":"https:\/\/sbruchezphotography.com\/","name":"SBPhotography","description":"","potentialAction":[{"@type":"SearchAction","target":{"@type":"EntryPoint","urlTemplate":"https:\/\/sbruchezphotography.com\/?s={search_term_string}"},"query-input":"required name=search_term_string"}],"inLanguage":"fr-FR"}]}},"_links":{"self":[{"href":"https:\/\/sbruchezphotography.com\/index.php\/wp-json\/wp\/v2\/pages\/29","targetHints":{"allow":["GET"]}}],"collection":[{"href":"https:\/\/sbruchezphotography.com\/index.php\/wp-json\/wp\/v2\/pages"}],"about":[{"href":"https:\/\/sbruchezphotography.com\/index.php\/wp-json\/wp\/v2\/types\/page"}],"author":[{"embeddable":true,"href":"https:\/\/sbruchezphotography.com\/index.php\/wp-json\/wp\/v2\/users\/3"}],"replies":[{"embeddable":true,"href":"https:\/\/sbruchezphotography.com\/index.php\/wp-json\/wp\/v2\/comments?post=29"}],"version-history":[{"count":52,"href":"https:\/\/sbruchezphotography.com\/index.php\/wp-json\/wp\/v2\/pages\/29\/revisions"}],"predecessor-version":[{"id":598,"href":"https:\/\/sbruchezphotography.com\/index.php\/wp-json\/wp\/v2\/pages\/29\/revisions\/598"}],"wp:attachment":[{"href":"https:\/\/sbruchezphotography.com\/index.php\/wp-json\/wp\/v2\/media?parent=29"}],"curies":[{"name":"wp","href":"https:\/\/api.w.org\/{rel}","templated":true}]}}